{"id":2,"date":"2016-02-11T13:59:34","date_gmt":"2016-02-11T12:59:34","guid":{"rendered":"http:\/\/mygiftdna.pl\/blog\/?page_id=2"},"modified":"2022-10-12T16:48:17","modified_gmt":"2022-10-12T14:48:17","slug":"o-nas","status":"publish","type":"page","link":"https:\/\/mygiftdna.pl\/blog\/o-nas\/","title":{"rendered":"O nas"},"content":{"rendered":"<p><span style=\"font-weight: 400;\">Witamy Was na naszym blogu! Jeste\u015bmy tu dla Ciebie i od 2009 roku tworzymy z pasj\u0105 i zaanga\u017cowaniem najwy\u017cszej jako\u015bci personalizowane prezenty! Doskonale wiemy, \u017ce najlepszy prezent to ten, kt\u00f3ry zosta\u0142 stworzony z my\u015bl\u0105 o tej szczeg\u00f3lnej osobie. Blog jest kwintesencj\u0105 naszej pracy, ale pojawi\u0105 si\u0119 tak\u017ce r\u00f3\u017cne inspiracje DIY, ciekawe przepisy kulinarne czy poradniki okraszone pi\u0119knymi zdj\u0119ciami. \ud83d\ude42 Wasza opinia oraz Wasze zaanga\u017cowanie jest dla nas na wag\u0119 z\u0142ota, dlatego mamy nadziej\u0119, \u017ce b\u0119dziecie dzieli\u0107 si\u0119 z nami swoimi pasjami i razem stworzymy \u015bwietny projekt!<\/span><br \/>\n<span style=\"font-weight: 400;\">Zosta\u0144 z nami na d\u0142u\u017cej, a jeste\u015bmy przekonani, \u017ce nasz blog trafi do Twoich ulubionych! \ud83d\ude42<\/span><\/p>\n","protected":false},"excerpt":{"rendered":"<p>Witamy Was na naszym blogu! Jeste\u015bmy tu dla Ciebie i od 2009 roku tworzymy z pasj\u0105 i zaanga\u017cowaniem najwy\u017cszej jako\u015bci personalizowane prezenty! Doskonale wiemy, \u017ce najlepszy prezent to ten, kt\u00f3ry zosta\u0142 stworzony z my\u015bl\u0105 o&#8230;<\/p>\n","protected":false},"author":1,"featured_media":1112,"parent":0,"menu_order":0,"comment_status":"closed","ping_status":"open","template":"","meta":[],"_links":{"self":[{"href":"https:\/\/mygiftdna.pl\/blog\/wp-json\/wp\/v2\/pages\/2"}],"collection":[{"href":"https:\/\/mygiftdna.pl\/blog\/wp-json\/wp\/v2\/pages"}],"about":[{"href":"https:\/\/mygiftdna.pl\/blog\/wp-json\/wp\/v2\/types\/page"}],"author":[{"embeddable":true,"href":"https:\/\/mygiftdna.pl\/blog\/wp-json\/wp\/v2\/users\/1"}],"replies":[{"embeddable":true,"href":"https:\/\/mygiftdna.pl\/blog\/wp-json\/wp\/v2\/comments?post=2"}],"version-history":[{"count":25,"href":"https:\/\/mygiftdna.pl\/blog\/wp-json\/wp\/v2\/pages\/2\/revisions"}],"predecessor-version":[{"id":7398,"href":"https:\/\/mygiftdna.pl\/blog\/wp-json\/wp\/v2\/pages\/2\/revisions\/7398"}],"wp:featuredmedia":[{"embeddable":true,"href":"https:\/\/mygiftdna.pl\/blog\/wp-json\/wp\/v2\/media\/1112"}],"wp:attachment":[{"href":"https:\/\/mygiftdna.pl\/blog\/wp-json\/wp\/v2\/media?parent=2"}],"curies":[{"name":"wp","href":"https:\/\/api.w.org\/{rel}","templated":true}]}}